{"id":25548,"date":"2023-05-05T11:34:47","date_gmt":"2023-05-05T11:34:47","guid":{"rendered":"https:\/\/minitalienproperty.com\/?post_type=product&#038;p=25548"},"modified":"2023-05-05T11:40:34","modified_gmt":"2023-05-05T11:40:34","slug":"minitalien-rendering-planimetrie-2d-linea-classic-fair-agenzie-immobiliari-pacchetto-100-planimetrie","status":"publish","type":"product","link":"https:\/\/minitalienproperty.com\/fi\/tuote\/minitalien-rendering-planimetrie-2d-linea-classic-fair-agenzie-immobiliari-pacchetto-100-planimetrie\/","title":{"rendered":"MinItalien Rendering Planimetrie 2D &#8211; Linea Classic &#8211; Fair &#8211; Agenzie Immobiliari PACCHETTO 100 PLANIMETRIE"},"content":{"rendered":"<h1>PACCHETTO 100 PLANIMETRIE (35% di sconto)<\/h1>\n<h2>Opzione seconda lingua 50% di sconto<\/h2>\n<h3>MinItalien Rendering Planimetrie 2D &#8211; Linea Classic &#8211; Fair &#8211; Agenzie Immobiliari<\/h3>\n<p><strong>\u2022<\/strong> 100 Planimetrie Arredate Classic 2D<\/p>\n<p><strong>\u2022 <\/strong>Personalizzazione con logo e colori dell&#8217;Agenzia Immobiliare<\/p>\n<p><strong>\u2022<\/strong> Dimensione massima 250 mq<\/p>\n<p><strong>\u2022<\/strong> Arredamento di tutti gli ambienti<\/p>\n<p><strong>\u2022<\/strong> Denominazione degli ambienti<\/p>\n<p><strong>\u2022<\/strong> Indicazione delle superfici in mq<\/p>\n<p><strong>\u2022<\/strong> Campitura ambienti &#8211; scelta colore principale<\/p>\n<p><!--block--><strong>\u2022 <\/strong>Colore muri monocromatico a scelta<\/p>\n<p><strong>\u2022<\/strong> Lingua a scelta: Italiano, Inglese, Svedese<\/p>","protected":false},"excerpt":{"rendered":"<h1>FAIR<\/h1>\n<h1>PACCHETTO 100 PLANIMETRIE 2D ARREDATE LINEA CLASSIC (35% di sconto)<\/h1>\n<h3><span style=\"color: #bd1212;\"><strong>Soluzioni per Agenti Immobiliari &#8211; Pacchetto 100 Planimetrie<\/strong><\/span><\/h3>\n<p>100 Planimetria Classic 2D con arredamento e denominazione di tutti gli ambienti.<\/p>\n<p>Personalizzazione con logo e colori dell&#8217;Agenzia Immobiliare.<\/p>\n<p>Indicazione delle superfici in mq.<\/p>\n<p>Campitura ambienti &#8211; scelta colore principale.<\/p>\n<p>Colore muri monocromatico a scelta.<\/p>\n<p><strong>Disponibile in 3 diverse lingue: Italiano &#8211; Inglese &#8211; Svedese. Il prezzo \u00e8 uguale.<\/strong><\/p>\n<h2><span style=\"color: #bd1212;\">In pi\u00f9 50% di sconto su Opzione seconda lingua: \u20ac7,50 cadauna invece di \u20ac15,00<\/span><\/h2>\n<h5><span style=\"color: #bd1212;\">(Sconto su Opzione Seconda Lingua valido per i pacchetti da 50 e da 100 planimetrie Fair 2D)<\/span><\/h5>\n<h3>Ottieni 200 planimetrie Fair 2D in 2 lingue diverse (100+100)<\/h3>\n<p>&nbsp;<\/p>\n<p><strong>Fair<\/strong><\/p>\n<p>Elegante.<\/p>\n<p>Arredata con estrema semplicit\u00e0 e razionalit\u00e0, per dare massima visibilit\u00e0 alla casa.<\/p>\n<p>Grande percezione degli spazi.<\/p>\n<p>Molto utilizzata in Scandinavia.<\/p>\n<p>&nbsp;<\/p>\n<p><strong>Linea Classic<\/strong><\/p>\n<p>Semplicemente reale<\/p>","protected":false},"featured_media":24789,"template":"","meta":{"_monsterinsights_skip_tracking":false,"_monsterinsights_sitenote_active":false,"_monsterinsights_sitenote_note":"","_monsterinsights_sitenote_category":0},"product_brand":[],"product_cat":[30,52,61,60,69],"product_tag":[],"class_list":{"0":"post-25548","1":"product","2":"type-product","3":"status-publish","4":"has-post-thumbnail","6":"product_cat-minitalien-rendering","7":"product_cat-minitalien-rendering-soluzioni-per-agenti-immobiliari","8":"product_cat-planimetrie-2d-classic-agenzie-immobiliari","9":"product_cat-linea-classic-agenzie-immobiliari","10":"product_cat-agenzie-immobiliari-pacchetti-100-planimetrie-classic-2d","12":"first","13":"instock","14":"sale","15":"taxable","16":"shipping-taxable","17":"purchasable","18":"product-type-variable"},"yoast_head":"<!-- This site is optimized with the Yoast SEO plugin v26.2 - https:\/\/yoast.com\/wordpress\/plugins\/seo\/ -->\n<title>MinItalien Rendering Planimetrie 2D - Linea Classic - Fair - Agenzie Immobiliari PACCHETTO 100 PLANIMETRIE - MinItalien Property<\/title>\n<meta name=\"description\" content=\"Ottieni visibilit\u00e0 internazionale. Proponi Planimetrie 2D arredate in lingua Inglese Italiano Svedese - Fair Linea Classic Soluzioni per Agenti Immobiliari\" \/>\n<meta name=\"robots\" content=\"index, follow, max-snippet:-1, max-image-preview:large, max-video-preview:-1\" \/>\n<link rel=\"canonical\" href=\"https:\/\/minitalienproperty.com\/fi\/tuote\/minitalien-rendering-planimetrie-2d-linea-classic-fair-agenzie-immobiliari-pacchetto-100-planimetrie\/\" \/>\n<meta property=\"og:locale\" content=\"fi_FI\" \/>\n<meta property=\"og:type\" content=\"article\" \/>\n<meta property=\"og:title\" content=\"MinItalien Rendering Planimetrie 2D - Linea Classic - Fair - Agenzie Immobiliari PACCHETTO 100 PLANIMETRIE - MinItalien Property\" \/>\n<meta property=\"og:description\" content=\"Ottieni visibilit\u00e0 internazionale. Proponi Planimetrie 2D arredate in lingua Inglese Italiano Svedese - Fair Linea Classic Soluzioni per Agenti Immobiliari\" \/>\n<meta property=\"og:url\" content=\"https:\/\/minitalienproperty.com\/fi\/tuote\/minitalien-rendering-planimetrie-2d-linea-classic-fair-agenzie-immobiliari-pacchetto-100-planimetrie\/\" \/>\n<meta property=\"og:site_name\" content=\"MinItalien Property\" \/>\n<meta property=\"article:modified_time\" content=\"2023-05-05T11:40:34+00:00\" \/>\n<meta property=\"og:image\" content=\"https:\/\/minitalienproperty.com\/wp-content\/uploads\/2023\/04\/Nuova-immagine-22.png\" \/>\n\t<meta property=\"og:image:width\" content=\"1024\" \/>\n\t<meta property=\"og:image:height\" content=\"768\" \/>\n\t<meta property=\"og:image:type\" content=\"image\/png\" \/>\n<meta name=\"twitter:card\" content=\"summary_large_image\" \/>\n<meta name=\"twitter:label1\" content=\"Arvioitu lukuaika\" \/>\n\t<meta name=\"twitter:data1\" content=\"1 minuutti\" \/>\n<script type=\"application\/ld+json\" class=\"yoast-schema-graph\">{\"@context\":\"https:\/\/schema.org\",\"@graph\":[{\"@type\":\"WebPage\",\"@id\":\"https:\/\/minitalienproperty.com\/prodotto\/minitalien-rendering-planimetrie-2d-linea-classic-fair-agenzie-immobiliari-pacchetto-100-planimetrie\/\",\"url\":\"https:\/\/minitalienproperty.com\/prodotto\/minitalien-rendering-planimetrie-2d-linea-classic-fair-agenzie-immobiliari-pacchetto-100-planimetrie\/\",\"name\":\"MinItalien Rendering Planimetrie 2D - Linea Classic - Fair - Agenzie Immobiliari PACCHETTO 100 PLANIMETRIE - MinItalien Property\",\"isPartOf\":{\"@id\":\"https:\/\/minitalienproperty.com\/#website\"},\"primaryImageOfPage\":{\"@id\":\"https:\/\/minitalienproperty.com\/prodotto\/minitalien-rendering-planimetrie-2d-linea-classic-fair-agenzie-immobiliari-pacchetto-100-planimetrie\/#primaryimage\"},\"image\":{\"@id\":\"https:\/\/minitalienproperty.com\/prodotto\/minitalien-rendering-planimetrie-2d-linea-classic-fair-agenzie-immobiliari-pacchetto-100-planimetrie\/#primaryimage\"},\"thumbnailUrl\":\"https:\/\/minitalienproperty.com\/wp-content\/uploads\/2023\/04\/Nuova-immagine-22.png\",\"datePublished\":\"2023-05-05T11:34:47+00:00\",\"dateModified\":\"2023-05-05T11:40:34+00:00\",\"description\":\"Ottieni visibilit\u00e0 internazionale. Proponi Planimetrie 2D arredate in lingua Inglese Italiano Svedese - Fair Linea Classic Soluzioni per Agenti Immobiliari\",\"breadcrumb\":{\"@id\":\"https:\/\/minitalienproperty.com\/prodotto\/minitalien-rendering-planimetrie-2d-linea-classic-fair-agenzie-immobiliari-pacchetto-100-planimetrie\/#breadcrumb\"},\"inLanguage\":\"fi\",\"potentialAction\":[{\"@type\":\"ReadAction\",\"target\":[\"https:\/\/minitalienproperty.com\/prodotto\/minitalien-rendering-planimetrie-2d-linea-classic-fair-agenzie-immobiliari-pacchetto-100-planimetrie\/\"]}]},{\"@type\":\"ImageObject\",\"inLanguage\":\"fi\",\"@id\":\"https:\/\/minitalienproperty.com\/prodotto\/minitalien-rendering-planimetrie-2d-linea-classic-fair-agenzie-immobiliari-pacchetto-100-planimetrie\/#primaryimage\",\"url\":\"https:\/\/minitalienproperty.com\/wp-content\/uploads\/2023\/04\/Nuova-immagine-22.png\",\"contentUrl\":\"https:\/\/minitalienproperty.com\/wp-content\/uploads\/2023\/04\/Nuova-immagine-22.png\",\"width\":1024,\"height\":768,\"caption\":\"MinItalien Rendering - Planimetrie arredate 2D - Linea Classic - Fair\"},{\"@type\":\"BreadcrumbList\",\"@id\":\"https:\/\/minitalienproperty.com\/prodotto\/minitalien-rendering-planimetrie-2d-linea-classic-fair-agenzie-immobiliari-pacchetto-100-planimetrie\/#breadcrumb\",\"itemListElement\":[{\"@type\":\"ListItem\",\"position\":1,\"name\":\"Home\",\"item\":\"https:\/\/minitalienproperty.com\/en\/\"},{\"@type\":\"ListItem\",\"position\":2,\"name\":\"MinItalien SHOP\",\"item\":\"https:\/\/minitalienproperty.com\/sample-page\/\"},{\"@type\":\"ListItem\",\"position\":3,\"name\":\"MinItalien Rendering Planimetrie 2D &#8211; Linea Classic &#8211; Fair &#8211; Agenzie Immobiliari PACCHETTO 100 PLANIMETRIE\"}]},{\"@type\":\"WebSite\",\"@id\":\"https:\/\/minitalienproperty.com\/#website\",\"url\":\"https:\/\/minitalienproperty.com\/\",\"name\":\"MinItalien Property\",\"description\":\"Real Estate Marketplace between Italy and Scandinavia\",\"publisher\":{\"@id\":\"https:\/\/minitalienproperty.com\/#organization\"},\"potentialAction\":[{\"@type\":\"SearchAction\",\"target\":{\"@type\":\"EntryPoint\",\"urlTemplate\":\"https:\/\/minitalienproperty.com\/?s={search_term_string}\"},\"query-input\":{\"@type\":\"PropertyValueSpecification\",\"valueRequired\":true,\"valueName\":\"search_term_string\"}}],\"inLanguage\":\"fi\"},{\"@type\":\"Organization\",\"@id\":\"https:\/\/minitalienproperty.com\/#organization\",\"name\":\"MinItalien Property\",\"url\":\"https:\/\/minitalienproperty.com\/\",\"logo\":{\"@type\":\"ImageObject\",\"inLanguage\":\"fi\",\"@id\":\"https:\/\/minitalienproperty.com\/#\/schema\/logo\/image\/\",\"url\":\"https:\/\/minitalienproperty.com\/wp-content\/uploads\/2022\/12\/200x200-Formato-senza-sottotitolo.png\",\"contentUrl\":\"https:\/\/minitalienproperty.com\/wp-content\/uploads\/2022\/12\/200x200-Formato-senza-sottotitolo.png\",\"width\":200,\"height\":104,\"caption\":\"MinItalien Property\"},\"image\":{\"@id\":\"https:\/\/minitalienproperty.com\/#\/schema\/logo\/image\/\"}}]}<\/script>\n<!-- \/ Yoast SEO plugin. -->","yoast_head_json":{"title":"MinItalien Rendering Planimetrie 2D - Linea Classic - Fair - Agenzie Immobiliari PACCHETTO 100 PLANIMETRIE - MinItalien Property","description":"Ottieni visibilit\u00e0 internazionale. Proponi Planimetrie 2D arredate in lingua Inglese Italiano Svedese - Fair Linea Classic Soluzioni per Agenti Immobiliari","robots":{"index":"index","follow":"follow","max-snippet":"max-snippet:-1","max-image-preview":"max-image-preview:large","max-video-preview":"max-video-preview:-1"},"canonical":"https:\/\/minitalienproperty.com\/fi\/tuote\/minitalien-rendering-planimetrie-2d-linea-classic-fair-agenzie-immobiliari-pacchetto-100-planimetrie\/","og_locale":"fi_FI","og_type":"article","og_title":"MinItalien Rendering Planimetrie 2D - Linea Classic - Fair - Agenzie Immobiliari PACCHETTO 100 PLANIMETRIE - MinItalien Property","og_description":"Ottieni visibilit\u00e0 internazionale. Proponi Planimetrie 2D arredate in lingua Inglese Italiano Svedese - Fair Linea Classic Soluzioni per Agenti Immobiliari","og_url":"https:\/\/minitalienproperty.com\/fi\/tuote\/minitalien-rendering-planimetrie-2d-linea-classic-fair-agenzie-immobiliari-pacchetto-100-planimetrie\/","og_site_name":"MinItalien Property","article_modified_time":"2023-05-05T11:40:34+00:00","og_image":[{"width":1024,"height":768,"url":"https:\/\/minitalienproperty.com\/wp-content\/uploads\/2023\/04\/Nuova-immagine-22.png","type":"image\/png"}],"twitter_card":"summary_large_image","twitter_misc":{"Arvioitu lukuaika":"1 minuutti"},"schema":{"@context":"https:\/\/schema.org","@graph":[{"@type":"WebPage","@id":"https:\/\/minitalienproperty.com\/prodotto\/minitalien-rendering-planimetrie-2d-linea-classic-fair-agenzie-immobiliari-pacchetto-100-planimetrie\/","url":"https:\/\/minitalienproperty.com\/prodotto\/minitalien-rendering-planimetrie-2d-linea-classic-fair-agenzie-immobiliari-pacchetto-100-planimetrie\/","name":"MinItalien Rendering Planimetrie 2D - Linea Classic - Fair - Agenzie Immobiliari PACCHETTO 100 PLANIMETRIE - MinItalien Property","isPartOf":{"@id":"https:\/\/minitalienproperty.com\/#website"},"primaryImageOfPage":{"@id":"https:\/\/minitalienproperty.com\/prodotto\/minitalien-rendering-planimetrie-2d-linea-classic-fair-agenzie-immobiliari-pacchetto-100-planimetrie\/#primaryimage"},"image":{"@id":"https:\/\/minitalienproperty.com\/prodotto\/minitalien-rendering-planimetrie-2d-linea-classic-fair-agenzie-immobiliari-pacchetto-100-planimetrie\/#primaryimage"},"thumbnailUrl":"https:\/\/minitalienproperty.com\/wp-content\/uploads\/2023\/04\/Nuova-immagine-22.png","datePublished":"2023-05-05T11:34:47+00:00","dateModified":"2023-05-05T11:40:34+00:00","description":"Ottieni visibilit\u00e0 internazionale. Proponi Planimetrie 2D arredate in lingua Inglese Italiano Svedese - Fair Linea Classic Soluzioni per Agenti Immobiliari","breadcrumb":{"@id":"https:\/\/minitalienproperty.com\/prodotto\/minitalien-rendering-planimetrie-2d-linea-classic-fair-agenzie-immobiliari-pacchetto-100-planimetrie\/#breadcrumb"},"inLanguage":"fi","potentialAction":[{"@type":"ReadAction","target":["https:\/\/minitalienproperty.com\/prodotto\/minitalien-rendering-planimetrie-2d-linea-classic-fair-agenzie-immobiliari-pacchetto-100-planimetrie\/"]}]},{"@type":"ImageObject","inLanguage":"fi","@id":"https:\/\/minitalienproperty.com\/prodotto\/minitalien-rendering-planimetrie-2d-linea-classic-fair-agenzie-immobiliari-pacchetto-100-planimetrie\/#primaryimage","url":"https:\/\/minitalienproperty.com\/wp-content\/uploads\/2023\/04\/Nuova-immagine-22.png","contentUrl":"https:\/\/minitalienproperty.com\/wp-content\/uploads\/2023\/04\/Nuova-immagine-22.png","width":1024,"height":768,"caption":"MinItalien Rendering - Planimetrie arredate 2D - Linea Classic - Fair"},{"@type":"BreadcrumbList","@id":"https:\/\/minitalienproperty.com\/prodotto\/minitalien-rendering-planimetrie-2d-linea-classic-fair-agenzie-immobiliari-pacchetto-100-planimetrie\/#breadcrumb","itemListElement":[{"@type":"ListItem","position":1,"name":"Home","item":"https:\/\/minitalienproperty.com\/en\/"},{"@type":"ListItem","position":2,"name":"MinItalien SHOP","item":"https:\/\/minitalienproperty.com\/sample-page\/"},{"@type":"ListItem","position":3,"name":"MinItalien Rendering Planimetrie 2D &#8211; Linea Classic &#8211; Fair &#8211; Agenzie Immobiliari PACCHETTO 100 PLANIMETRIE"}]},{"@type":"WebSite","@id":"https:\/\/minitalienproperty.com\/#website","url":"https:\/\/minitalienproperty.com\/","name":"MinItalien Property","description":"Real Estate Marketplace between Italy and Scandinavia","publisher":{"@id":"https:\/\/minitalienproperty.com\/#organization"},"potentialAction":[{"@type":"SearchAction","target":{"@type":"EntryPoint","urlTemplate":"https:\/\/minitalienproperty.com\/?s={search_term_string}"},"query-input":{"@type":"PropertyValueSpecification","valueRequired":true,"valueName":"search_term_string"}}],"inLanguage":"fi"},{"@type":"Organization","@id":"https:\/\/minitalienproperty.com\/#organization","name":"MinItalien Property","url":"https:\/\/minitalienproperty.com\/","logo":{"@type":"ImageObject","inLanguage":"fi","@id":"https:\/\/minitalienproperty.com\/#\/schema\/logo\/image\/","url":"https:\/\/minitalienproperty.com\/wp-content\/uploads\/2022\/12\/200x200-Formato-senza-sottotitolo.png","contentUrl":"https:\/\/minitalienproperty.com\/wp-content\/uploads\/2022\/12\/200x200-Formato-senza-sottotitolo.png","width":200,"height":104,"caption":"MinItalien Property"},"image":{"@id":"https:\/\/minitalienproperty.com\/#\/schema\/logo\/image\/"}}]}},"_links":{"self":[{"href":"https:\/\/minitalienproperty.com\/fi\/wp-json\/wp\/v2\/product\/25548","targetHints":{"allow":["GET"]}}],"collection":[{"href":"https:\/\/minitalienproperty.com\/fi\/wp-json\/wp\/v2\/product"}],"about":[{"href":"https:\/\/minitalienproperty.com\/fi\/wp-json\/wp\/v2\/types\/product"}],"wp:featuredmedia":[{"embeddable":true,"href":"https:\/\/minitalienproperty.com\/fi\/wp-json\/wp\/v2\/media\/24789"}],"wp:attachment":[{"href":"https:\/\/minitalienproperty.com\/fi\/wp-json\/wp\/v2\/media?parent=25548"}],"wp:term":[{"taxonomy":"product_brand","embeddable":true,"href":"https:\/\/minitalienproperty.com\/fi\/wp-json\/wp\/v2\/product_brand?post=25548"},{"taxonomy":"product_cat","embeddable":true,"href":"https:\/\/minitalienproperty.com\/fi\/wp-json\/wp\/v2\/product_cat?post=25548"},{"taxonomy":"product_tag","embeddable":true,"href":"https:\/\/minitalienproperty.com\/fi\/wp-json\/wp\/v2\/product_tag?post=25548"}],"curies":[{"name":"wp","href":"https:\/\/api.w.org\/{rel}","templated":true}]}}